{"id":674,"date":"2024-10-25T19:07:06","date_gmt":"2024-10-25T15:07:06","guid":{"rendered":"http:\/\/lepetitmorne.com\/?page_id=674"},"modified":"2024-10-25T19:12:22","modified_gmt":"2024-10-25T15:12:22","slug":"privacy-policy","status":"publish","type":"page","link":"https:\/\/lepetitmorne.com\/fr\/privacy-policy\/","title":{"rendered":"POLITIQUE DE CONFIDENTIALIT\u00c9"},"content":{"rendered":"<div data-elementor-type=\"wp-page\" data-elementor-id=\"674\" class=\"elementor elementor-674\" data-elementor-post-type=\"page\">\n\t\t\t\t<div class=\"elementor-element elementor-element-27f1ce2 e-flex e-con-boxed e-con e-parent\" data-id=\"27f1ce2\" data-element_type=\"container\" data-settings=\"{&quot;background_background&quot;:&quot;classic&quot;}\">\n\t\t\t\t\t<div class=\"e-con-inner\">\n\t\t\t\t<div class=\"elementor-element elementor-element-d561301 elementor-widget elementor-widget-heading\" data-id=\"d561301\" data-element_type=\"widget\" data-widget_type=\"heading.default\">\n\t\t\t\t<div class=\"elementor-widget-container\">\n\t\t\t\t\t<h1 class=\"elementor-heading-title elementor-size-default\">POLITIQUE DE CONFIDENTIALIT\u00c9<\/h1>\t\t\t\t<\/div>\n\t\t\t\t<\/div>\n\t\t\t\t<div class=\"elementor-element elementor-element-caed807 elementor-widget elementor-widget-image\" data-id=\"caed807\" data-element_type=\"widget\" data-widget_type=\"image.default\">\n\t\t\t\t<div class=\"elementor-widget-container\">\n\t\t\t\t\t\t\t\t\t\t\t\t\t\t\t<img decoding=\"async\" width=\"139\" height=\"29\" src=\"https:\/\/lepetitmorne.com\/wp-content\/uploads\/wave.svg\" class=\"attachment-large size-large wp-image-100\" alt=\"\" \/>\t\t\t\t\t\t\t\t\t\t\t\t\t\t\t<\/div>\n\t\t\t\t<\/div>\n\t\t\t\t<div class=\"elementor-element elementor-element-175b9dc elementor-widget elementor-widget-text-editor\" data-id=\"175b9dc\" data-element_type=\"widget\" data-widget_type=\"text-editor.default\">\n\t\t\t\t<div class=\"elementor-widget-container\">\n\t\t\t\t\t\t\t\t\t<p>Chez Le Petit Morne, accessible \u00e0 <a href=\"http:\/\/lepetitmorne.com\/fr\/\" target=\"_new\" rel=\"noopener\">http:\/\/lepetitmorne.com\/<\/a>, la protection de votre vie priv\u00e9e est d'une importance capitale pour nous. Cette Politique de Confidentialit\u00e9 d\u00e9crit comment nous collectons, utilisons et prot\u00e9geons vos informations lorsque vous visitez notre site.<\/p><p>\u00a0<\/p><h3>1. Informations Que Nous Collectons<\/h3><p>Nous pouvons collecter des informations personnelles vous concernant lorsque vous visitez notre site, y compris, mais sans s'y limiter :<\/p><ul><li><strong>Cookies:<\/strong> Petits fichiers de donn\u00e9es stock\u00e9s sur votre appareil qui nous aident \u00e0 am\u00e9liorer votre exp\u00e9rience.<\/li><li><strong>Donn\u00e9es d'utilisation:<\/strong> Informations sur la fa\u00e7on dont vous utilisez notre site, collect\u00e9es via Google Analytics.<\/li><\/ul><h3>\u00a0<\/h3><h3>2. Utilisation de Google Analytics<\/h3><p>Nous utilisons Google Analytics pour surveiller et analyser le trafic de notre site. Google Analytics collecte des informations telles que :<\/p><ul><li>Votre adresse IP<\/li><li>Type de navigateur<\/li><li>Type d'appareil<\/li><li>Date et heure de votre visite<\/li><li>Pages consult\u00e9es<\/li><\/ul><p>\u00a0<\/p><p>Ces informations nous aident \u00e0 comprendre le comportement des utilisateurs et \u00e0 am\u00e9liorer nos services. Google Analytics peut \u00e9galement utiliser des cookies pour collecter des donn\u00e9es. Vous pouvez vous d\u00e9sinscrire de Google Analytics en installant l'add-on de d\u00e9sinscription pour navigateur de Google Analytics.<\/p><p>\u00a0<\/p><h3>3. Widget d'Int\u00e9gration de Page Meta<\/h3><p>Notre site inclut un widget d'int\u00e9gration de page Meta qui vous permet de consulter du contenu de nos r\u00e9seaux sociaux. Lorsque vous interagissez avec ce widget, il peut collecter des informations sur votre activit\u00e9. Nous ne contr\u00f4lons pas les donn\u00e9es collect\u00e9es par le widget Meta ; veuillez consulter la politique de confidentialit\u00e9 de Meta pour plus de d\u00e9tails sur leurs pratiques de collecte de donn\u00e9es.<\/p><p>\u00a0<\/p><h3>4. Comment Nous Utilisons Vos Informations<\/h3><p>Nous pouvons utiliser les informations que nous collectons pour les finalit\u00e9s suivantes :<\/p><ul><li>Am\u00e9liorer notre site et nos services<\/li><li>Analyser le comportement et les tendances des utilisateurs<\/li><li>Communiquer avec vous concernant les mises \u00e0 jour et les promotions<\/li><\/ul><h3>\u00a0<\/h3><h3>5. S\u00e9curit\u00e9 des Donn\u00e9es<\/h3><p>Nous prenons des mesures raisonnables pour prot\u00e9ger vos informations contre l'acc\u00e8s, l'alt\u00e9ration, la divulgation ou la destruction non autoris\u00e9s. Cependant, aucune m\u00e9thode de transmission sur Internet ou de stockage \u00e9lectronique n'est 100 % s\u00e9curis\u00e9e.<\/p><h3>\u00a0<\/h3><h3>6. Vos Droits<\/h3><p>Vous avez le droit de :<\/p><ul><li>Acc\u00e9der aux informations personnelles que nous d\u00e9tenons \u00e0 votre sujet<\/li><li>Demander la correction de toute information inexacte<\/li><li>Demander la suppression de vos informations personnelles<\/li><\/ul><p>\u00a0<\/p><p>Pour exercer ces droits, veuillez nous contacter \u00e0 lepetitmorne@gmail.com.<\/p><h3>\u00a0<\/h3><h3>7. Modifications de Cette Politique de Confidentialit\u00e9<\/h3><p>Nous pouvons mettre \u00e0 jour notre Politique de Confidentialit\u00e9 de temps \u00e0 autre. Nous vous informerons de tout changement en publiant la nouvelle Politique de Confidentialit\u00e9 sur cette page. Nous vous conseillons de consulter r\u00e9guli\u00e8rement cette Politique de Confidentialit\u00e9 pour prendre connaissance des modifications.<\/p><h3>\u00a0<\/h3><h3>8. Contactez-nous<\/h3><p>Si vous avez des questions ou des pr\u00e9occupations concernant cette Politique de Confidentialit\u00e9, veuillez nous contacter \u00e0 :<\/p><p>Email: lepetitmorne@gmail.com<\/p><p>Adresse: Royal road, Le Morne, L\u2019Embrasure, Mauritius<\/p>\t\t\t\t\t\t\t\t<\/div>\n\t\t\t\t<\/div>\n\t\t\t\t\t<\/div>\n\t\t\t\t<\/div>\n\t\t\t\t<\/div>","protected":false},"excerpt":{"rendered":"<p>PRIVACY POLICY At Le Petit Morne, accessible from http:\/\/lepetitmorne.com\/, your privacy is of utmost importance to us. This Privacy Policy outlines how we collect, use, and protect your information when you visit our site. \u00a0 1. Information We Collect We may collect personal information from you when you visit our site, including but not limited [&hellip;]<\/p>","protected":false},"author":1,"featured_media":0,"parent":0,"menu_order":0,"comment_status":"closed","ping_status":"closed","template":"","meta":{"footnotes":""},"class_list":["post-674","page","type-page","status-publish","hentry"],"_links":{"self":[{"href":"https:\/\/lepetitmorne.com\/fr\/wp-json\/wp\/v2\/pages\/674","targetHints":{"allow":["GET"]}}],"collection":[{"href":"https:\/\/lepetitmorne.com\/fr\/wp-json\/wp\/v2\/pages"}],"about":[{"href":"https:\/\/lepetitmorne.com\/fr\/wp-json\/wp\/v2\/types\/page"}],"author":[{"embeddable":true,"href":"https:\/\/lepetitmorne.com\/fr\/wp-json\/wp\/v2\/users\/1"}],"replies":[{"embeddable":true,"href":"https:\/\/lepetitmorne.com\/fr\/wp-json\/wp\/v2\/comments?post=674"}],"version-history":[{"count":7,"href":"https:\/\/lepetitmorne.com\/fr\/wp-json\/wp\/v2\/pages\/674\/revisions"}],"predecessor-version":[{"id":681,"href":"https:\/\/lepetitmorne.com\/fr\/wp-json\/wp\/v2\/pages\/674\/revisions\/681"}],"wp:attachment":[{"href":"https:\/\/lepetitmorne.com\/fr\/wp-json\/wp\/v2\/media?parent=674"}],"curies":[{"name":"wp","href":"https:\/\/api.w.org\/{rel}","templated":true}]}}