{"id":217,"date":"2024-09-30T09:27:53","date_gmt":"2024-09-30T05:27:53","guid":{"rendered":"http:\/\/lepetitmorne.com\/?page_id=217"},"modified":"2024-10-23T16:06:05","modified_gmt":"2024-10-23T12:06:05","slug":"activites","status":"publish","type":"page","link":"https:\/\/lepetitmorne.com\/fr\/activites\/","title":{"rendered":"ACTIVIT\u00c9S"},"content":{"rendered":"<div data-elementor-type=\"wp-page\" data-elementor-id=\"217\" class=\"elementor elementor-217\" data-elementor-post-type=\"page\">\n\t\t\t\t<div class=\"elementor-element elementor-element-7772b68 e-flex e-con-boxed e-con e-parent\" data-id=\"7772b68\" data-element_type=\"container\" data-settings=\"{&quot;background_background&quot;:&quot;classic&quot;}\">\n\t\t\t\t\t<div class=\"e-con-inner\">\n\t\t\t\t<div class=\"elementor-element elementor-element-b6ffbf9 elementor-widget elementor-widget-heading\" data-id=\"b6ffbf9\" data-element_type=\"widget\" data-widget_type=\"heading.default\">\n\t\t\t\t<div class=\"elementor-widget-container\">\n\t\t\t\t\t<h1 class=\"elementor-heading-title elementor-size-default\">ACTIVIT\u00c9S<\/h1>\t\t\t\t<\/div>\n\t\t\t\t<\/div>\n\t\t\t\t<div class=\"elementor-element elementor-element-0360a0c elementor-widget elementor-widget-image\" data-id=\"0360a0c\" data-element_type=\"widget\" data-widget_type=\"image.default\">\n\t\t\t\t<div class=\"elementor-widget-container\">\n\t\t\t\t\t\t\t\t\t\t\t\t\t\t\t<img decoding=\"async\" width=\"139\" height=\"29\" src=\"https:\/\/lepetitmorne.com\/wp-content\/uploads\/wave.svg\" class=\"attachment-large size-large wp-image-100\" alt=\"\" \/>\t\t\t\t\t\t\t\t\t\t\t\t\t\t\t<\/div>\n\t\t\t\t<\/div>\n\t\t\t\t\t<\/div>\n\t\t\t\t<\/div>\n\t\t<div class=\"elementor-element elementor-element-3d306e4 e-flex e-con-boxed e-con e-parent\" data-id=\"3d306e4\" data-element_type=\"container\" data-settings=\"{&quot;background_background&quot;:&quot;classic&quot;}\">\n\t\t\t\t\t<div class=\"e-con-inner\">\n\t\t\t\t\t<\/div>\n\t\t\t\t<\/div>\n\t\t<div class=\"elementor-element elementor-element-5694a2e e-flex e-con-boxed e-con e-parent\" data-id=\"5694a2e\" data-element_type=\"container\" data-settings=\"{&quot;background_background&quot;:&quot;classic&quot;}\">\n\t\t\t\t\t<div class=\"e-con-inner\">\n\t\t<div class=\"elementor-element elementor-element-40892c2 e-con-full e-flex e-con e-child\" data-id=\"40892c2\" data-element_type=\"container\">\n\t\t\t\t<div class=\"elementor-element elementor-element-96c0652 elementor-widget elementor-widget-heading\" data-id=\"96c0652\" data-element_type=\"widget\" data-widget_type=\"heading.default\">\n\t\t\t\t<div class=\"elementor-widget-container\">\n\t\t\t\t\t<h2 class=\"elementor-heading-title elementor-size-default\">Kitesurf<\/h2>\t\t\t\t<\/div>\n\t\t\t\t<\/div>\n\t\t\t\t<div class=\"elementor-element elementor-element-999eca7 elementor-widget elementor-widget-text-editor\" data-id=\"999eca7\" data-element_type=\"widget\" data-widget_type=\"text-editor.default\">\n\t\t\t\t<div class=\"elementor-widget-container\">\n\t\t\t\t\t\t\t\t\t<p>\u00c0 6 km, environ 8 min en voiture<\/p>\t\t\t\t\t\t\t\t<\/div>\n\t\t\t\t<\/div>\n\t\t\t\t<div class=\"elementor-element elementor-element-fec7131 elementor-widget elementor-widget-image\" data-id=\"fec7131\" data-element_type=\"widget\" data-widget_type=\"image.default\">\n\t\t\t\t<div class=\"elementor-widget-container\">\n\t\t\t\t\t\t\t\t\t\t\t\t\t\t\t<img fetchpriority=\"high\" decoding=\"async\" width=\"800\" height=\"600\" src=\"https:\/\/lepetitmorne.com\/wp-content\/uploads\/kite-morne-1024x768.webp\" class=\"attachment-large size-large wp-image-222\" alt=\"\" srcset=\"https:\/\/lepetitmorne.com\/wp-content\/uploads\/kite-morne-1024x768.webp 1024w, https:\/\/lepetitmorne.com\/wp-content\/uploads\/kite-morne-300x225.webp 300w, https:\/\/lepetitmorne.com\/wp-content\/uploads\/kite-morne-768x576.webp 768w, https:\/\/lepetitmorne.com\/wp-content\/uploads\/kite-morne.webp 1050w\" sizes=\"(max-width: 800px) 100vw, 800px\" \/>\t\t\t\t\t\t\t\t\t\t\t\t\t\t\t<\/div>\n\t\t\t\t<\/div>\n\t\t\t\t<\/div>\n\t\t<div class=\"elementor-element elementor-element-31bda44 e-con-full e-flex e-con e-child\" data-id=\"31bda44\" data-element_type=\"container\">\n\t\t\t\t<div class=\"elementor-element elementor-element-b7bc5e1 elementor-widget elementor-widget-heading\" data-id=\"b7bc5e1\" data-element_type=\"widget\" data-widget_type=\"heading.default\">\n\t\t\t\t<div class=\"elementor-widget-container\">\n\t\t\t\t\t<h2 class=\"elementor-heading-title elementor-size-default\">Golf<\/h2>\t\t\t\t<\/div>\n\t\t\t\t<\/div>\n\t\t\t\t<div class=\"elementor-element elementor-element-6166e71 elementor-widget elementor-widget-text-editor\" data-id=\"6166e71\" data-element_type=\"widget\" data-widget_type=\"text-editor.default\">\n\t\t\t\t<div class=\"elementor-widget-container\">\n\t\t\t\t\t\t\t\t\t<p>\u00c0 4 km, environ 5 min en voiture<\/p>\t\t\t\t\t\t\t\t<\/div>\n\t\t\t\t<\/div>\n\t\t\t\t<div class=\"elementor-element elementor-element-bf3ab21 elementor-widget elementor-widget-image\" data-id=\"bf3ab21\" data-element_type=\"widget\" data-widget_type=\"image.default\">\n\t\t\t\t<div class=\"elementor-widget-container\">\n\t\t\t\t\t\t\t\t\t\t\t\t\t\t\t<img decoding=\"async\" width=\"800\" height=\"600\" src=\"https:\/\/lepetitmorne.com\/wp-content\/uploads\/golf-paradis-1024x768.webp\" class=\"attachment-large size-large wp-image-221\" alt=\"\" srcset=\"https:\/\/lepetitmorne.com\/wp-content\/uploads\/golf-paradis-1024x768.webp 1024w, https:\/\/lepetitmorne.com\/wp-content\/uploads\/golf-paradis-300x225.webp 300w, https:\/\/lepetitmorne.com\/wp-content\/uploads\/golf-paradis-768x576.webp 768w, https:\/\/lepetitmorne.com\/wp-content\/uploads\/golf-paradis.webp 1050w\" sizes=\"(max-width: 800px) 100vw, 800px\" \/>\t\t\t\t\t\t\t\t\t\t\t\t\t\t\t<\/div>\n\t\t\t\t<\/div>\n\t\t\t\t<\/div>\n\t\t\t\t\t<\/div>\n\t\t\t\t<\/div>\n\t\t<div class=\"elementor-element elementor-element-c82c3d9 e-flex e-con-boxed e-con e-parent\" data-id=\"c82c3d9\" data-element_type=\"container\" data-settings=\"{&quot;background_background&quot;:&quot;classic&quot;}\">\n\t\t\t\t\t<div class=\"e-con-inner\">\n\t\t<div class=\"elementor-element elementor-element-f9c68c7 e-con-full e-flex e-con e-child\" data-id=\"f9c68c7\" data-element_type=\"container\">\n\t\t\t\t<div class=\"elementor-element elementor-element-eff8d3b elementor-widget elementor-widget-heading\" data-id=\"eff8d3b\" data-element_type=\"widget\" data-widget_type=\"heading.default\">\n\t\t\t\t<div class=\"elementor-widget-container\">\n\t\t\t\t\t<h2 class=\"elementor-heading-title elementor-size-default\">La Terre des Sept Couleurs<\/h2>\t\t\t\t<\/div>\n\t\t\t\t<\/div>\n\t\t\t\t<div class=\"elementor-element elementor-element-3464804 elementor-widget elementor-widget-text-editor\" data-id=\"3464804\" data-element_type=\"widget\" data-widget_type=\"text-editor.default\">\n\t\t\t\t<div class=\"elementor-widget-container\">\n\t\t\t\t\t\t\t\t\t<p>\u00c0 11km, environ 18 min en voiture<\/p>\t\t\t\t\t\t\t\t<\/div>\n\t\t\t\t<\/div>\n\t\t\t\t<div class=\"elementor-element elementor-element-a8f60ee elementor-widget elementor-widget-image\" data-id=\"a8f60ee\" data-element_type=\"widget\" data-widget_type=\"image.default\">\n\t\t\t\t<div class=\"elementor-widget-container\">\n\t\t\t\t\t\t\t\t\t\t\t\t\t\t\t<img loading=\"lazy\" decoding=\"async\" width=\"800\" height=\"600\" src=\"https:\/\/lepetitmorne.com\/wp-content\/uploads\/seven-colours-earth-1024x768.webp\" class=\"attachment-large size-large wp-image-224\" alt=\"\" srcset=\"https:\/\/lepetitmorne.com\/wp-content\/uploads\/seven-colours-earth-1024x768.webp 1024w, https:\/\/lepetitmorne.com\/wp-content\/uploads\/seven-colours-earth-300x225.webp 300w, https:\/\/lepetitmorne.com\/wp-content\/uploads\/seven-colours-earth-768x576.webp 768w, https:\/\/lepetitmorne.com\/wp-content\/uploads\/seven-colours-earth.webp 1050w\" sizes=\"(max-width: 800px) 100vw, 800px\" \/>\t\t\t\t\t\t\t\t\t\t\t\t\t\t\t<\/div>\n\t\t\t\t<\/div>\n\t\t\t\t<\/div>\n\t\t<div class=\"elementor-element elementor-element-0ec9952 e-con-full e-flex e-con e-child\" data-id=\"0ec9952\" data-element_type=\"container\">\n\t\t\t\t<div class=\"elementor-element elementor-element-c19228c elementor-widget elementor-widget-heading\" data-id=\"c19228c\" data-element_type=\"widget\" data-widget_type=\"heading.default\">\n\t\t\t\t<div class=\"elementor-widget-container\">\n\t\t\t\t\t<h2 class=\"elementor-heading-title elementor-size-default\">Plage\n<\/h2>\t\t\t\t<\/div>\n\t\t\t\t<\/div>\n\t\t\t\t<div class=\"elementor-element elementor-element-4e75b70 elementor-widget elementor-widget-text-editor\" data-id=\"4e75b70\" data-element_type=\"widget\" data-widget_type=\"text-editor.default\">\n\t\t\t\t<div class=\"elementor-widget-container\">\n\t\t\t\t\t\t\t\t\t<p>\u00c0 4.5km, environ 5 min en voiture<\/p>\t\t\t\t\t\t\t\t<\/div>\n\t\t\t\t<\/div>\n\t\t\t\t<div class=\"elementor-element elementor-element-f51ea8f elementor-widget elementor-widget-image\" data-id=\"f51ea8f\" data-element_type=\"widget\" data-widget_type=\"image.default\">\n\t\t\t\t<div class=\"elementor-widget-container\">\n\t\t\t\t\t\t\t\t\t\t\t\t\t\t\t<img loading=\"lazy\" decoding=\"async\" width=\"800\" height=\"600\" src=\"https:\/\/lepetitmorne.com\/wp-content\/uploads\/beach2-le-morne-1024x768.webp\" class=\"attachment-large size-large wp-image-220\" alt=\"\" srcset=\"https:\/\/lepetitmorne.com\/wp-content\/uploads\/beach2-le-morne-1024x768.webp 1024w, https:\/\/lepetitmorne.com\/wp-content\/uploads\/beach2-le-morne-300x225.webp 300w, https:\/\/lepetitmorne.com\/wp-content\/uploads\/beach2-le-morne-768x576.webp 768w, https:\/\/lepetitmorne.com\/wp-content\/uploads\/beach2-le-morne.webp 1050w\" sizes=\"(max-width: 800px) 100vw, 800px\" \/>\t\t\t\t\t\t\t\t\t\t\t\t\t\t\t<\/div>\n\t\t\t\t<\/div>\n\t\t\t\t<\/div>\n\t\t\t\t\t<\/div>\n\t\t\t\t<\/div>\n\t\t<div class=\"elementor-element elementor-element-6f85095 e-flex e-con-boxed e-con e-parent\" data-id=\"6f85095\" data-element_type=\"container\" data-settings=\"{&quot;background_background&quot;:&quot;classic&quot;}\">\n\t\t\t\t\t<div class=\"e-con-inner\">\n\t\t<div class=\"elementor-element elementor-element-42fc6e3 e-con-full e-flex e-con e-child\" data-id=\"42fc6e3\" data-element_type=\"container\">\n\t\t\t\t<div class=\"elementor-element elementor-element-993a876 elementor-widget elementor-widget-heading\" data-id=\"993a876\" data-element_type=\"widget\" data-widget_type=\"heading.default\">\n\t\t\t\t<div class=\"elementor-widget-container\">\n\t\t\t\t\t<h2 class=\"elementor-heading-title elementor-size-default\">Randonn\u00e9e, montagne du Morne\n<\/h2>\t\t\t\t<\/div>\n\t\t\t\t<\/div>\n\t\t\t\t<div class=\"elementor-element elementor-element-8c521aa elementor-widget elementor-widget-text-editor\" data-id=\"8c521aa\" data-element_type=\"widget\" data-widget_type=\"text-editor.default\">\n\t\t\t\t<div class=\"elementor-widget-container\">\n\t\t\t\t\t\t\t\t\t<p>Patrimoine mondial de l\u2019Unesco \u00e0 2.5km, environ 8min en voiture<\/p>\t\t\t\t\t\t\t\t<\/div>\n\t\t\t\t<\/div>\n\t\t\t\t<div class=\"elementor-element elementor-element-448c68a elementor-widget elementor-widget-image\" data-id=\"448c68a\" data-element_type=\"widget\" data-widget_type=\"image.default\">\n\t\t\t\t<div class=\"elementor-widget-container\">\n\t\t\t\t\t\t\t\t\t\t\t\t\t\t\t<img loading=\"lazy\" decoding=\"async\" width=\"800\" height=\"600\" src=\"https:\/\/lepetitmorne.com\/wp-content\/uploads\/le-morne-hiking-1024x768.webp\" class=\"attachment-large size-large wp-image-223\" alt=\"\" srcset=\"https:\/\/lepetitmorne.com\/wp-content\/uploads\/le-morne-hiking-1024x768.webp 1024w, https:\/\/lepetitmorne.com\/wp-content\/uploads\/le-morne-hiking-300x225.webp 300w, https:\/\/lepetitmorne.com\/wp-content\/uploads\/le-morne-hiking-768x576.webp 768w, https:\/\/lepetitmorne.com\/wp-content\/uploads\/le-morne-hiking.webp 1050w\" sizes=\"(max-width: 800px) 100vw, 800px\" \/>\t\t\t\t\t\t\t\t\t\t\t\t\t\t\t<\/div>\n\t\t\t\t<\/div>\n\t\t\t\t<\/div>\n\t\t<div class=\"elementor-element elementor-element-c3f5261 e-con-full e-flex e-con e-child\" data-id=\"c3f5261\" data-element_type=\"container\">\n\t\t\t\t<div class=\"elementor-element elementor-element-8db4681 elementor-widget elementor-widget-heading\" data-id=\"8db4681\" data-element_type=\"widget\" data-widget_type=\"heading.default\">\n\t\t\t\t<div class=\"elementor-widget-container\">\n\t\t\t\t\t<h2 class=\"elementor-heading-title elementor-size-default\">Nager avec les dauphins.<\/h2>\t\t\t\t<\/div>\n\t\t\t\t<\/div>\n\t\t\t\t<div class=\"elementor-element elementor-element-e9c4714 elementor-widget elementor-widget-text-editor\" data-id=\"e9c4714\" data-element_type=\"widget\" data-widget_type=\"text-editor.default\">\n\t\t\t\t<div class=\"elementor-widget-container\">\n\t\t\t\t\t\t\t\t\t<p>\u00c0 12km, environ 14min en voiture<\/p>\t\t\t\t\t\t\t\t<\/div>\n\t\t\t\t<\/div>\n\t\t\t\t<div class=\"elementor-element elementor-element-73c30e2 elementor-widget elementor-widget-image\" data-id=\"73c30e2\" data-element_type=\"widget\" data-widget_type=\"image.default\">\n\t\t\t\t<div class=\"elementor-widget-container\">\n\t\t\t\t\t\t\t\t\t\t\t\t\t\t\t<img loading=\"lazy\" decoding=\"async\" width=\"800\" height=\"600\" src=\"https:\/\/lepetitmorne.com\/wp-content\/uploads\/swimming-dolphins-1024x768.webp\" class=\"attachment-large size-large wp-image-225\" alt=\"\" srcset=\"https:\/\/lepetitmorne.com\/wp-content\/uploads\/swimming-dolphins-1024x768.webp 1024w, https:\/\/lepetitmorne.com\/wp-content\/uploads\/swimming-dolphins-300x225.webp 300w, https:\/\/lepetitmorne.com\/wp-content\/uploads\/swimming-dolphins-768x576.webp 768w, https:\/\/lepetitmorne.com\/wp-content\/uploads\/swimming-dolphins.webp 1050w\" sizes=\"(max-width: 800px) 100vw, 800px\" \/>\t\t\t\t\t\t\t\t\t\t\t\t\t\t\t<\/div>\n\t\t\t\t<\/div>\n\t\t\t\t<\/div>\n\t\t\t\t\t<\/div>\n\t\t\t\t<\/div>\n\t\t<div class=\"elementor-element elementor-element-9ed4fd8 e-flex e-con-boxed e-con e-parent\" data-id=\"9ed4fd8\" data-element_type=\"container\" data-settings=\"{&quot;background_background&quot;:&quot;classic&quot;}\">\n\t\t\t\t\t<div class=\"e-con-inner\">\n\t\t\t\t<div class=\"elementor-element elementor-element-07466d4 elementor-widget elementor-widget-image\" data-id=\"07466d4\" data-element_type=\"widget\" data-widget_type=\"image.default\">\n\t\t\t\t<div class=\"elementor-widget-container\">\n\t\t\t\t\t\t\t\t\t\t\t\t\t\t\t<img loading=\"lazy\" decoding=\"async\" width=\"800\" height=\"616\" src=\"https:\/\/lepetitmorne.com\/wp-content\/uploads\/yml-en-cruises-2-web-3.webp\" class=\"attachment-large size-large wp-image-226\" alt=\"\" srcset=\"https:\/\/lepetitmorne.com\/wp-content\/uploads\/yml-en-cruises-2-web-3.webp 1024w, https:\/\/lepetitmorne.com\/wp-content\/uploads\/yml-en-cruises-2-web-3-300x231.webp 300w, https:\/\/lepetitmorne.com\/wp-content\/uploads\/yml-en-cruises-2-web-3-768x591.webp 768w\" sizes=\"(max-width: 800px) 100vw, 800px\" \/>\t\t\t\t\t\t\t\t\t\t\t\t\t\t\t<\/div>\n\t\t\t\t<\/div>\n\t\t\t\t<div class=\"elementor-element elementor-element-2a57217 elementor-widget__width-initial elementor-widget elementor-widget-text-editor\" data-id=\"2a57217\" data-element_type=\"widget\" data-widget_type=\"text-editor.default\">\n\t\t\t\t<div class=\"elementor-widget-container\">\n\t\t\t\t\t\t\t\t\t<p>Yacht Management vous invite \u00e0 rompre avec la r\u00e9alit\u00e9 le temps d\u2019une demi-journ\u00e9e\n\u00e9vadez-vous un moment \u2026<br \/>R\u00e9servez votre voyage avec eux \/ Bureau: +230483 5811<br \/>Courriel: operations@yachtmauritius.com \/ Site Web: www.yachtmauritius.com<\/p>\t\t\t\t\t\t\t\t<\/div>\n\t\t\t\t<\/div>\n\t\t\t\t\t<\/div>\n\t\t\t\t<\/div>\n\t\t\t\t<\/div>","protected":false},"excerpt":{"rendered":"<p>ACTIVITIES Kitesurf At 6km approx 8 min drive Golf At 4km approx 5 min drive Seven colours earth At 11km approx 18min drive Beach At 4.5km approx 5min drive Hiking, le Morne mountain Unesco World Heritage at 2.5km approx 8min drive Swimming with dolphin At 12km approx 14min drive YACHT MANAGEMENT invites you to take [&hellip;]<\/p>","protected":false},"author":1,"featured_media":0,"parent":0,"menu_order":0,"comment_status":"closed","ping_status":"closed","template":"","meta":{"footnotes":""},"class_list":["post-217","page","type-page","status-publish","hentry"],"_links":{"self":[{"href":"https:\/\/lepetitmorne.com\/fr\/wp-json\/wp\/v2\/pages\/217","targetHints":{"allow":["GET"]}}],"collection":[{"href":"https:\/\/lepetitmorne.com\/fr\/wp-json\/wp\/v2\/pages"}],"about":[{"href":"https:\/\/lepetitmorne.com\/fr\/wp-json\/wp\/v2\/types\/page"}],"author":[{"embeddable":true,"href":"https:\/\/lepetitmorne.com\/fr\/wp-json\/wp\/v2\/users\/1"}],"replies":[{"embeddable":true,"href":"https:\/\/lepetitmorne.com\/fr\/wp-json\/wp\/v2\/comments?post=217"}],"version-history":[{"count":40,"href":"https:\/\/lepetitmorne.com\/fr\/wp-json\/wp\/v2\/pages\/217\/revisions"}],"predecessor-version":[{"id":614,"href":"https:\/\/lepetitmorne.com\/fr\/wp-json\/wp\/v2\/pages\/217\/revisions\/614"}],"wp:attachment":[{"href":"https:\/\/lepetitmorne.com\/fr\/wp-json\/wp\/v2\/media?parent=217"}],"curies":[{"name":"wp","href":"https:\/\/api.w.org\/{rel}","templated":true}]}}